{"id":7,"date":"2018-05-04T09:18:07","date_gmt":"2018-05-04T08:18:07","guid":{"rendered":"http:\/\/zb-ile.at\/?page_id=7"},"modified":"2018-05-04T10:01:34","modified_gmt":"2018-05-04T09:01:34","slug":"home","status":"publish","type":"page","link":"https:\/\/zb-ile.at\/","title":{"rendered":"Uber uns"},"content":{"rendered":"<div class=\"module text\">\n<p class=\"bodytext\">Als Technisches Zeichenb\u00fcro \u00fcbernehmen wir die Erstellung von s\u00e4mtlichen Baupl\u00e4nen, die im Zuge der Bauplanung anzufertigen sind.<\/p>\n<p class=\"bodytext\">Wir arbeiten mit \u00a0ARCHICAD 21 und AUTOCAD 2018.<\/p>\n<\/div>\n<p>Vorbereitung Ihrer Pl\u00e4ne genau nach den Vorgaben vom Baumeister \u00a0oder Architekten f\u00fcr die Verwendung bei Beh\u00f6rden, sowie zur 3D-Visualisierung.<\/p>\n<div class=\"module text\">\n<p class=\"bodytext\">Wir w\u00fcrden uns freuen, gemeinsam mit Ihnen Projekte zu realisieren. Kontaktieren Sie uns \u2013 gerne auch f\u00fcr kurzfristige Auftr\u00e4ge!<\/p>\n<\/div>\n","protected":false},"excerpt":{"rendered":"<p>Als Technisches Zeichenb\u00fcro \u00fcbernehmen wir die Erstellung von s\u00e4mtlichen Baupl\u00e4nen, die im Zuge der Bauplanung anzufertigen sind. Wir arbeiten mit \u00a0ARCHICAD 21 und AUTOCAD 2018. Vorbereitung Ihrer Pl\u00e4ne genau nach den Vorgaben vom Baumeister \u00a0oder Architekten f\u00fcr die Verwendung bei Beh\u00f6rden, sowie zur 3D-Visualisierung. Wir w\u00fcrden uns freuen, gemeinsam mit Ihnen Projekte zu realisieren. Kontaktieren &hellip; <\/p>\n<p class=\"link-more\"><a href=\"https:\/\/zb-ile.at\/\" class=\"more-link\">Continue reading<span class=\"screen-reader-text\"> &#8220;Uber uns&#8221;<\/span><\/a><\/p>\n","protected":false},"author":1,"featured_media":0,"parent":0,"menu_order":0,"comment_status":"closed","ping_status":"closed","template":"","meta":[],"_links":{"self":[{"href":"https:\/\/zb-ile.at\/index.php?rest_route=\/wp\/v2\/pages\/7"}],"collection":[{"href":"https:\/\/zb-ile.at\/index.php?rest_route=\/wp\/v2\/pages"}],"about":[{"href":"https:\/\/zb-ile.at\/index.php?rest_route=\/wp\/v2\/types\/page"}],"author":[{"embeddable":true,"href":"https:\/\/zb-ile.at\/index.php?rest_route=\/wp\/v2\/users\/1"}],"replies":[{"embeddable":true,"href":"https:\/\/zb-ile.at\/index.php?rest_route=%2Fwp%2Fv2%2Fcomments&post=7"}],"version-history":[{"count":3,"href":"https:\/\/zb-ile.at\/index.php?rest_route=\/wp\/v2\/pages\/7\/revisions"}],"predecessor-version":[{"id":57,"href":"https:\/\/zb-ile.at\/index.php?rest_route=\/wp\/v2\/pages\/7\/revisions\/57"}],"wp:attachment":[{"href":"https:\/\/zb-ile.at\/index.php?rest_route=%2Fwp%2Fv2%2Fmedia&parent=7"}],"curies":[{"name":"wp","href":"https:\/\/api.w.org\/{rel}","templated":true}]}}